{"id":21519,"date":"2024-02-16T08:11:30","date_gmt":"2024-02-16T08:11:30","guid":{"rendered":"https:\/\/www.safaricarrentalnamibia.com\/de\/?page_id=21519"},"modified":"2025-01-29T12:36:55","modified_gmt":"2025-01-29T12:36:55","slug":"camping","status":"publish","type":"page","link":"https:\/\/www.safaricarrentalnamibia.com\/de\/camping\/","title":{"rendered":"Camping"},"content":{"rendered":"<div class=\"wpb-content-wrapper\"><p>[vc_row css=\u201d.vc_custom_1708072124892{margin-top: 80px !important;margin-bottom: 80px !important;}\u201d][vc_column width=\u201d2\/3\u2033 css=\u201d.vc_custom_1712730026436{margin-bottom: 0px !important;}\u201d]<div class=\"fl_custom_text__block fl-custom-text-69f23367296cc-2594\" ><p>Die verschiedenen Landschaften, der unterschiedliche Pflanzenwuchs und das teils warme, teils subtropische Klima machen Namibia zum Campingparadies. Von den roten D\u00fcnen der Namibw\u00fcste \u00fcber die Berge im Inland bis zu den feuchten, gr\u00fcnen W\u00e4ldern des Nordostens l\u00e4dt es \u00fcberall zum Camping ein.<\/p>\n<p>W\u00e4hrend sich einige Campingpl\u00e4tze auf Farmen befinden, sind andere Teil einer Luxuslodge und wiederum andere weit abgelegen. Die meisten haben Warmwasserversorgung (die Art und Weise, wie das Wasser erhitzt wird, wird Sie vielleicht \u00fcberraschen! ), Waschr\u00e4ume mit Sp\u00fcltoiletten und 220V-Steckdosen. Wir stellen Ihnen hochwertige Bettw\u00e4sche zur Verf\u00fcgung, empfehlen allerdings f\u00fcr die kalten N\u00e4chte w\u00e4hrend der Wintermonate\u00a0warme Nachtw\u00e4sche\u00a0mit zu bringen. In einigen Landesteilen k\u00f6nnen Nachts die Temperaturen, obwohl es Tags\u00fcber sonnig und warm ist, bis auf den Gefrierpunkt sinken.<\/p>\n<p>Der Campingurlaub in Namibia ist aufgrund seiner Erschwinglichkeit und abenteuerlichen Art sehr beliebt. Die Bewegungsfreiheit erlaubt Ihnen, seltenbesuchte Teile des Landes zu erkunden. Man bekommt die Natur hautnah zu sp\u00fcren.<\/p>\n<p>Bei Safari Car Rental statten wir unsere Camping Fahrzeuge\u00a0<strong>ausschlie\u00dflich mit 1.4m breiten Dachzelten<\/strong> aus (die Breite eines Doppelbetts) anstelle der normalen Standard 1.2m Dachzelte, wie andere Autovermietungen sie anbieten. Unsere 1.4m Zelte bieten ihnen h\u00f6chsten Komfort beim Campen und einen weitaus entspannteren Schlaf. \u00a0F\u00fcr Familien k\u00f6nnen wir auch gerne ein <strong>1.6m breites Dachzelt<\/strong> montieren (die Breite eines Queen-Betts), so da\u00df sie ganz komfortabel mit ihrem Kleinkind zwischen sich schlafen k\u00f6nnen. <a href=\"https:\/\/youtu.be\/41m7obmAzQk\" target=\"_blank\" rel=\"noopener noreferrer\">Dieses kurze Video<\/a>\u00a0zeigt, wie einfach es ist, das Camp aufzubauen.<\/p>\n<\/div>[vc_row_inner css=\u201d.vc_custom_1712562588028{margin-top: 10px !important;}\u201d][vc_column_inner width=\u201d1\/2\u2033][vc_video link=\u201dhttps:\/\/youtu.be\/41m7obmAzQk\u201d][\/vc_column_inner][vc_column_inner width=\u201d1\/2\u2033][vc_video link=\u201dhttps:\/\/youtu.be\/LgRL1uqmidM\u201d][\/vc_column_inner][\/vc_row_inner][vc_row_inner][vc_column_inner]<div class=\"fl_custom_text__block fl-custom-text-69f233672973e-9514\" ><p>F\u00fcr ihren Komfort und f\u00fcr den Seelenfrieden bieten wir auch\u00a0<strong>Satellitentelefone<\/strong> zur Miete an. Unser Mobilfunknetz deckt nicht alle abgelegenen Gegenden Namibias. Wenn sie garantiert jederzeit der Kommunikation gew\u00e4hrleistet sein wollen geben sie uns doch bitte in unserem Web-Anfrage-Formular oder in ihrer E-mail Bescheid, und wir werden ihnen gerne ein Satellitentelefon auf ihrem Angebot einf\u00fcgen. F\u00fcr Gruppen stellen wir\u00a0<strong>Sprechfunkger\u00e4te (Walki-Talkies)<\/strong> zur Verf\u00fcgung, so da\u00df Sie mit Ihren Freunden in den anderen Fahrzeugen in Kontakt bleiben.<\/p>\n<p>Ab 2021 stellen wir unsere neuen Hartschalen-Dachzelte vor, die als Option exklusiv bei unseren Expedition Modellen erh\u00e4ltlich sind. Diese Zelte bestehen aus Fiberglas und sind auf Qualit\u00e4t und Komfort beim Campen ausgelegt. Die Abmessungen im ge\u00f6ffneten Zustand sind: L\u00e4nge 2,2m; Breite 1.4m; H\u00f6he1.4m. Sie haben die Option jeden der drei Eing\u00e4nge zu nutzen und das Zelt l\u00e4sst sich mit ihrer gesamten Bettw\u00e4sche im Innenraum schlie\u00dfen. Die Hartschalen-Dachzelte sind mit einem USB-Anschlu\u00df, einer 12-V-Zigarettenanz\u00fcnderbuchse und einer installierten LED-Innenleuchte ausgestattet. Falls Sie anstelle vom Standard Dachzelt das Hartschalen-Dachzelt w\u00fcnschen, vermerken Sie es bitte auf ihrer Anfrage. Bitte beachten Sie, da\u00df wir nur eines dieser Zelte pro Fahrzeug montieren k\u00f6nnen. Wie Sie in diesem Video sehen k\u00f6nnen, l\u00e4sst sich das Zelt sehr einfach und schnell \u00f6ffnen und schlie\u00dfen.<\/p>\n<p>Unsere professionell ausgestatteten Gel\u00e4ndewagen mit jeglichem Campingzubeh\u00f6r erm\u00f6glichen Ihnen l\u00e4ngeres und angenehmeres Fahren. Viel Spa\u00df am Lagerfeuer!<\/p>\n<p data-fontsize=\"18\" data-lineheight=\"27\"><strong>Hilfreiche Links zum Camping in Namibia:<\/strong><\/p>\n<p><a style=\"color: #e9a825; text-decoration: underline;\" href=\"https:\/\/www.safarinow.com\/destinations\/namibia\/camping-caravanning.aspx\/1?fid=503\" target=\"_blank\" rel=\"noopener noreferrer\">Namibia Camping<\/a><br \/>\n<a style=\"color: #e9a825; text-decoration: underline;\" href=\"https:\/\/www.wheretostay.na\/\" target=\"_blank\" rel=\"noopener noreferrer\">Where To Stay<\/a><br \/>\n<a style=\"color: #e9a825; text-decoration: underline;\" title=\"Mad Booking Camping in Nambia\" href=\"https:\/\/www.madbookings.com\/namibia\/camping_namibia.htm\" target=\"_blank\" rel=\"noopener noreferrer\">Mad bookings \u2013 Camping Namibia<\/a><\/p>\n<\/div>[\/vc_column_inner][\/vc_row_inner][\/vc_column][vc_column width=\u201d1\/3\u2033][vc_single_image image=\u201d22145\u2033 alignment=\u201dcenter\u201d animation=\u201dnone\u201d vc_css=\u201d.vc_custom_1712728254479{margin-bottom: 30px !important;}\u201d][vc_single_image image=\u201d22148\u2033 alignment=\u201dcenter\u201d animation=\u201dnone\u201d vc_css=\u201d.vc_custom_1712728203082{margin-bottom: 30px !important;}\u201d][vc_single_image image=\u201d22150\u2033 alignment=\u201dcenter\u201d animation=\u201dnone\u201d vc_css=\u201d.vc_custom_1714402976124{margin-bottom: 30px !important;}\u201d][vc_single_image image=\u201d22153\u2033 alignment=\u201dcenter\u201d animation=\u201dnone\u201d]<div class=\"fl_custom_text__block vc_custom_1714375046788 fl-custom-text-69f23367297a1-3422\" ><p style=\"text-align: center;\">We care about our Wildlife and support the Namibian Anti Poaching Unit<\/p>\n<\/div>[\/vc_column][\/vc_row][vc_row][vc_column width=\u201d1\/4\u2033][vc_single_image image=\u201d22155\u2033 animation=\u201dnone\u201d]<div class=\"fl_custom_text__block vc_custom_1713880847357 fl-custom-text-69f23367297e3-7692\" ><p style=\"text-align: center;\">Hartschalen-Dachzelt geschlossen<\/p>\n<\/div>[\/vc_column][vc_column width=\u201d1\/4\u2033][vc_single_image image=\u201d22156\u2033 animation=\u201dnone\u201d]<div class=\"fl_custom_text__block vc_custom_1713880855354 fl-custom-text-69f233672981e-5272\" ><p style=\"text-align: center;\">Hartschalen-Dachzelt ge\u00f6ffnet<\/p>\n<\/div>[\/vc_column][vc_column width=\u201d1\/4\u2033][vc_single_image image=\u201d22157\u2033 animation=\u201dnone\u201d]<div class=\"fl_custom_text__block vc_custom_1713880863809 fl-custom-text-69f2336729855-6086\" ><p style=\"text-align: center;\">Hartschalen-Dachzelt ge\u00f6ffnet<\/p>\n<\/div>[\/vc_column][vc_column width=\u201d1\/4\u2033][vc_single_image image=\u201d22158\u2033 animation=\u201dnone\u201d]<div class=\"fl_custom_text__block vc_custom_1713880879834 fl-custom-text-69f233672988b-6060\" ><p style=\"text-align: center;\">Hartschalen-Dachzelt im Inneren<\/p>\n<\/div>[\/vc_column][\/vc_row][vc_row full_width=\u201dstretch_row\u201d content_placement=\u201dmiddle\u201d css=\u201d.vc_custom_1709118637931{margin-top: 30px !important;margin-bottom: 0px !important;padding-bottom: 40px !important;background-color: #f1f5fa !important;}\u201d][vc_column width=\u201d1\/2\u2033][vc_single_image image=\u201d21710\u2033 img_size=\u201d150px\u201d alignment=\u201dcenter\u201d animation=\u201dnone\u201d][\/vc_column][vc_column width=\u201d1\/2\u2033]<div class=\"fl-vc-icon-box vc_custom_1709118596669\" ><div class=\"icon-box-style-one\"><div class=\"icon-box-style-one\"><div class=\"top-content\"><i class=\"fab fa-facebook\"><\/i><\/div><div class=\"bottom-content\"><h5 class=\"icon-title-content\"><a href=\"https:\/\/www.facebook.com\/SafariCarRental\" target=\"_blank\" rel=\"nofollow\" rel=\"noopener\">Follow us on Facebook<\/a><\/h5><\/div><\/div><\/div><\/div>[\/vc_column][\/vc_row]<\/p>\n<\/div>","protected":false},"excerpt":{"rendered":"<p>[vc_row css=\u201d.vc_custom_1708072124892{margin-top: 80px !important;margin-bottom: 80px !important;}\u201d][vc_column width=\u201d2\/3\u2033 css=\u201d.vc_custom_1712730026436{margin-bottom: 0px !important;}\u201d][vc_row_inner css=\u201d.vc_custom_1712562588028{margin-top: 10px !important;}\u201d][vc_column_inner width=\u201d1\/2\u2033][vc_video link=\u201dhttps:\/\/youtu.be\/41m7obmAzQk\u201d][\/vc_column_inner][vc_column_inner width=\u201d1\/2\u2033][vc_video link=\u201dhttps:\/\/youtu.be\/LgRL1uqmidM\u201d][\/vc_column_inner][\/vc_row_inner][vc_row_inner][vc_column_inner][\/vc_column_inner][\/vc_row_inner][\/vc_column][vc_column width=\u201d1\/3\u2033][vc_single_image image=\u201d22145\u2033 alignment=\u201dcenter\u201d animation=\u201dnone\u201d vc_css=\u201d.vc_custom_1712728254479{margin-bottom: 30px !important;}\u201d][vc_single_image image=\u201d22148\u2033 alignment=\u201dcenter\u201d animation=\u201dnone\u201d vc_css=\u201d.vc_custom_1712728203082{margin-bottom: 30px !important;}\u201d][vc_single_image image=\u201d22150\u2033 alignment=\u201dcenter\u201d animation=\u201dnone\u201d vc_css=\u201d.vc_custom_1714402976124{margin-bottom: 30px !important;}\u201d][vc_single_image image=\u201d22153\u2033 alignment=\u201dcenter\u201d animation=\u201dnone\u201d][\/vc_column][\/vc_row][vc_row][vc_column width=\u201d1\/4\u2033][vc_single_image image=\u201d22155\u2033 animation=\u201dnone\u201d][\/vc_column][vc_column width=\u201d1\/4\u2033][vc_single_image image=\u201d22156\u2033 animation=\u201dnone\u201d][\/vc_column][vc_column width=\u201d1\/4\u2033][vc_single_image image=\u201d22157\u2033 animation=\u201dnone\u201d][\/vc_column][vc_column width=\u201d1\/4\u2033][vc_single_image image=\u201d22158\u2033 animation=\u201dnone\u201d][\/vc_column][\/vc_row][vc_row full_width=\u201dstretch_row\u201d content_placement=\u201dmiddle\u201d css=\u201d.vc_custom_1709118637931{margin-top: 30px [&hellip;]<\/p>\n","protected":false},"author":1,"featured_media":0,"parent":0,"menu_order":0,"comment_status":"closed","ping_status":"closed","template":"","meta":{"_acf_changed":false,"pmpro_default_level":"","footnotes":""},"class_list":["post-21519","page","type-page","status-publish","hentry","pmpro-has-access"],"acf":[],"aioseo_notices":[],"_links":{"self":[{"href":"https:\/\/www.safaricarrentalnamibia.com\/de\/wp-json\/wp\/v2\/pages\/21519","targetHints":{"allow":["GET"]}}],"collection":[{"href":"https:\/\/www.safaricarrentalnamibia.com\/de\/wp-json\/wp\/v2\/pages"}],"about":[{"href":"https:\/\/www.safaricarrentalnamibia.com\/de\/wp-json\/wp\/v2\/types\/page"}],"author":[{"embeddable":true,"href":"https:\/\/www.safaricarrentalnamibia.com\/de\/wp-json\/wp\/v2\/users\/1"}],"replies":[{"embeddable":true,"href":"https:\/\/www.safaricarrentalnamibia.com\/de\/wp-json\/wp\/v2\/comments?post=21519"}],"version-history":[{"count":40,"href":"https:\/\/www.safaricarrentalnamibia.com\/de\/wp-json\/wp\/v2\/pages\/21519\/revisions"}],"predecessor-version":[{"id":22579,"href":"https:\/\/www.safaricarrentalnamibia.com\/de\/wp-json\/wp\/v2\/pages\/21519\/revisions\/22579"}],"wp:attachment":[{"href":"https:\/\/www.safaricarrentalnamibia.com\/de\/wp-json\/wp\/v2\/media?parent=21519"}],"curies":[{"name":"wp","href":"https:\/\/api.w.org\/{rel}","templated":true}]}}