{"id":21693,"date":"2024-02-28T10:38:17","date_gmt":"2024-02-28T10:38:17","guid":{"rendered":"https:\/\/www.safaricarrentalnamibia.com\/de\/?page_id=21693"},"modified":"2025-02-03T09:14:29","modified_gmt":"2025-02-03T09:14:29","slug":"flughafentransfer","status":"publish","type":"page","link":"https:\/\/www.safaricarrentalnamibia.com\/de\/flughafentransfer\/","title":{"rendered":"Flughafentransfer"},"content":{"rendered":"<div class=\"wpb-content-wrapper\"><p>[vc_row content_placement=&#8221;top&#8221; css=&#8221;.vc_custom_1709117502737{margin-top: 80px !important;margin-bottom: 80px !important;}&#8221;][vc_column width=&#8221;1\/3&#8243;][vc_single_image image=&#8221;21695&#8243; image_mask=&#8221;&#8221; animation=&#8221;none&#8221; vc_css=&#8221;.vc_custom_1709117633740{border-radius: 5px !important;}&#8221;][\/vc_column][vc_column width=&#8221;2\/3&#8243;]<div class=\"fl_custom_text__block fl-custom-text-69d4c748b7624-9882\" ><p>Sehr gerne bieten wir Ihnen bei Ihrer Ankunft und dem Abflug zwei planm\u00e4\u00dfige kostenlose Flughafentransfers von und zu unserem Standort an, und zwar zwischen 7:00h und 17.00h, an Wochentagen und Wochenenden. Sollten Ihre Flugdaten best\u00e4tigt sein, k\u00f6nnen Sie diese gleich angeben. Sollten diese noch ungewi\u00df sein, k\u00f6nnen Sie uns sp\u00e4ter per E-Mail benachrichtigen, sp\u00e4testens aber eine Woche vor Mietbeginn. Wir m\u00fcssen das Abholen beizeiten einplanen k\u00f6nnen.<\/p>\n<p>Unsere B\u00fcror\u00e4ume befinden sich auf der Hauptverkehrsstra\u00dfe vom Internationalen Flughafen nach Windhoek in entspannender Umgebung. Wir sind leicht zu finden und erreichbar, ohne da\u00df Sie durch den stressvollen Verkehr der Hauptstadt hetzen m\u00fcssen.<\/p>\n<p>Sollten Sie eine \u00dcbernachtung in Windhoek gebucht haben, und Ihren Mietwagen erst am n\u00e4chsten Tag abholen wollen, geben Sie uns bitte Bescheid. Wir holen sie gern vom Flugplatz ab und bringen Sie zum Hotel oder G\u00e4stehaus.<\/p>\n<\/div>[\/vc_column][\/vc_row][vc_row full_width=&#8221;stretch_row&#8221; content_placement=&#8221;middle&#8221; css=&#8221;.vc_custom_1709118637931{margin-top: 30px !important;margin-bottom: 0px !important;padding-bottom: 40px !important;background-color: #f1f5fa !important;}&#8221;][vc_column width=&#8221;1\/2&#8243;][vc_single_image image=&#8221;21710&#8243; img_size=&#8221;150px&#8221; alignment=&#8221;center&#8221; animation=&#8221;none&#8221;][\/vc_column][vc_column width=&#8221;1\/2&#8243;]<div class=\"fl-vc-icon-box vc_custom_1709118596669\" ><div class=\"icon-box-style-one\"><div class=\"icon-box-style-one\"><div class=\"top-content\"><i class=\"fab fa-facebook\"><\/i><\/div><div class=\"bottom-content\"><h5 class=\"icon-title-content\"><a href=\"https:\/\/www.facebook.com\/SafariCarRental\" target=\"_blank\" rel=\"nofollow\" rel=\"noopener\">Follow us on Facebook<\/a><\/h5><\/div><\/div><\/div><\/div>[\/vc_column][\/vc_row]<\/p>\n<\/div>","protected":false},"excerpt":{"rendered":"<p>[vc_row content_placement=&#8221;top&#8221; css=&#8221;.vc_custom_1709117502737{margin-top: 80px !important;margin-bottom: 80px !important;}&#8221;][vc_column width=&#8221;1\/3&#8243;][vc_single_image image=&#8221;21695&#8243; image_mask=&#8221;&#8221; animation=&#8221;none&#8221; vc_css=&#8221;.vc_custom_1709117633740{border-radius: 5px !important;}&#8221;][\/vc_column][vc_column width=&#8221;2\/3&#8243;][\/vc_column][\/vc_row][vc_row full_width=&#8221;stretch_row&#8221; content_placement=&#8221;middle&#8221; css=&#8221;.vc_custom_1709118637931{margin-top: 30px !important;margin-bottom: 0px !important;padding-bottom: 40px !important;background-color: #f1f5fa !important;}&#8221;][vc_column width=&#8221;1\/2&#8243;][vc_single_image image=&#8221;21710&#8243; img_size=&#8221;150px&#8221; alignment=&#8221;center&#8221; animation=&#8221;none&#8221;][\/vc_column][vc_column width=&#8221;1\/2&#8243;][\/vc_column][\/vc_row]<\/p>\n","protected":false},"author":1,"featured_media":0,"parent":0,"menu_order":0,"comment_status":"closed","ping_status":"closed","template":"","meta":{"_acf_changed":false,"pmpro_default_level":"","footnotes":""},"class_list":["post-21693","page","type-page","status-publish","hentry","pmpro-has-access"],"acf":[],"aioseo_notices":[],"_links":{"self":[{"href":"https:\/\/www.safaricarrentalnamibia.com\/de\/wp-json\/wp\/v2\/pages\/21693","targetHints":{"allow":["GET"]}}],"collection":[{"href":"https:\/\/www.safaricarrentalnamibia.com\/de\/wp-json\/wp\/v2\/pages"}],"about":[{"href":"https:\/\/www.safaricarrentalnamibia.com\/de\/wp-json\/wp\/v2\/types\/page"}],"author":[{"embeddable":true,"href":"https:\/\/www.safaricarrentalnamibia.com\/de\/wp-json\/wp\/v2\/users\/1"}],"replies":[{"embeddable":true,"href":"https:\/\/www.safaricarrentalnamibia.com\/de\/wp-json\/wp\/v2\/comments?post=21693"}],"version-history":[{"count":26,"href":"https:\/\/www.safaricarrentalnamibia.com\/de\/wp-json\/wp\/v2\/pages\/21693\/revisions"}],"predecessor-version":[{"id":22519,"href":"https:\/\/www.safaricarrentalnamibia.com\/de\/wp-json\/wp\/v2\/pages\/21693\/revisions\/22519"}],"wp:attachment":[{"href":"https:\/\/www.safaricarrentalnamibia.com\/de\/wp-json\/wp\/v2\/media?parent=21693"}],"curies":[{"name":"wp","href":"https:\/\/api.w.org\/{rel}","templated":true}]}}