{"id":21738,"date":"2024-02-28T11:39:45","date_gmt":"2024-02-28T11:39:45","guid":{"rendered":"https:\/\/www.safaricarrentalnamibia.com\/de\/?page_id=21738"},"modified":"2025-01-29T12:32:10","modified_gmt":"2025-01-29T12:32:10","slug":"pannenhilfe","status":"publish","type":"page","link":"https:\/\/www.safaricarrentalnamibia.com\/de\/pannenhilfe\/","title":{"rendered":"Pannenhilfe"},"content":{"rendered":"<div class=\"wpb-content-wrapper\"><p>[vc_row content_placement=&#8221;top&#8221; css=&#8221;.vc_custom_1709117502737{margin-top: 80px !important;margin-bottom: 80px !important;}&#8221;][vc_column width=&#8221;2\/3&#8243;]<div class=\"fl_custom_text__block fl-custom-text-69e73c6b60e47-1419\" ><p>Safari Car Rental gew\u00e4hrleistet Ihnen eine umfassende Pannenhilfe, welche im Mietpreis inbegriffen ist. Nach Mietbeginn erhalten Sie eine Notrufnummer, unter der wir rund um die Uhr erreichbar sind. Um eine gute Kommunikation und Unterst\u00fctzung w\u00e4hrend ihrer Rundreise zu gew\u00e4hrleisten, ist eine namibische Sim-Karte vonn\u00f6ten.<\/p>\n<p>Unsere Fahrzeuge sind neu und stehen unter Toyota Garantie. Vor-Ort-Reparaturen werden dem Abschleppdienst bevorzugt. Deswegen werden Toyota H\u00e4ndler oder anerkannte Toyota Automechaniker in der N\u00e4he Ihrer Panne gebeten, Ihnen so schnell wie m\u00f6glich behilflich zu sein.<\/p>\n<p>Safari Car Rental garantiert Ihnen flinke und fachgerechte Hilfe, damit Sie keine kostbare Urlaubszeit verlieren. Ihre unbesorgte Reise liegt uns am Herzen. Sie sollen sich auf das Wesentliche konzentrieren k\u00f6nnen: Ihre abenteuerliche Afrikasafari!<\/p>\n<\/div>[\/vc_column][vc_column width=&#8221;1\/3&#8243;][vc_single_image image=&#8221;22106&#8243; image_mask=&#8221;&#8221; animation=&#8221;none&#8221; vc_css=&#8221;.vc_custom_1712557604469{border-radius: 5px !important;}&#8221;][\/vc_column][\/vc_row][vc_row full_width=&#8221;stretch_row&#8221; content_placement=&#8221;middle&#8221; css=&#8221;.vc_custom_1709118637931{margin-top: 30px !important;margin-bottom: 0px !important;padding-bottom: 40px !important;background-color: #f1f5fa !important;}&#8221;][vc_column width=&#8221;1\/2&#8243;][vc_single_image image=&#8221;21710&#8243; img_size=&#8221;150px&#8221; alignment=&#8221;center&#8221; animation=&#8221;none&#8221;][\/vc_column][vc_column width=&#8221;1\/2&#8243;]<div class=\"fl-vc-icon-box vc_custom_1709118596669\" ><div class=\"icon-box-style-one\"><div class=\"icon-box-style-one\"><div class=\"top-content\"><i class=\"fab fa-facebook\"><\/i><\/div><div class=\"bottom-content\"><h5 class=\"icon-title-content\"><a href=\"https:\/\/www.facebook.com\/SafariCarRental\" target=\"_blank\" rel=\"nofollow\" rel=\"noopener\">Follow us on Facebook<\/a><\/h5><\/div><\/div><\/div><\/div>[\/vc_column][\/vc_row]<\/p>\n<\/div>","protected":false},"excerpt":{"rendered":"<p>[vc_row content_placement=&#8221;top&#8221; css=&#8221;.vc_custom_1709117502737{margin-top: 80px !important;margin-bottom: 80px !important;}&#8221;][vc_column width=&#8221;2\/3&#8243;][\/vc_column][vc_column width=&#8221;1\/3&#8243;][vc_single_image image=&#8221;22106&#8243; image_mask=&#8221;&#8221; animation=&#8221;none&#8221; vc_css=&#8221;.vc_custom_1712557604469{border-radius: 5px !important;}&#8221;][\/vc_column][\/vc_row][vc_row full_width=&#8221;stretch_row&#8221; content_placement=&#8221;middle&#8221; css=&#8221;.vc_custom_1709118637931{margin-top: 30px !important;margin-bottom: 0px !important;padding-bottom: 40px !important;background-color: #f1f5fa !important;}&#8221;][vc_column width=&#8221;1\/2&#8243;][vc_single_image image=&#8221;21710&#8243; img_size=&#8221;150px&#8221; alignment=&#8221;center&#8221; animation=&#8221;none&#8221;][\/vc_column][vc_column width=&#8221;1\/2&#8243;][\/vc_column][\/vc_row]<\/p>\n","protected":false},"author":1,"featured_media":0,"parent":0,"menu_order":0,"comment_status":"closed","ping_status":"closed","template":"","meta":{"_acf_changed":false,"pmpro_default_level":"","footnotes":""},"class_list":["post-21738","page","type-page","status-publish","hentry","pmpro-has-access"],"acf":[],"aioseo_notices":[],"_links":{"self":[{"href":"https:\/\/www.safaricarrentalnamibia.com\/de\/wp-json\/wp\/v2\/pages\/21738","targetHints":{"allow":["GET"]}}],"collection":[{"href":"https:\/\/www.safaricarrentalnamibia.com\/de\/wp-json\/wp\/v2\/pages"}],"about":[{"href":"https:\/\/www.safaricarrentalnamibia.com\/de\/wp-json\/wp\/v2\/types\/page"}],"author":[{"embeddable":true,"href":"https:\/\/www.safaricarrentalnamibia.com\/de\/wp-json\/wp\/v2\/users\/1"}],"replies":[{"embeddable":true,"href":"https:\/\/www.safaricarrentalnamibia.com\/de\/wp-json\/wp\/v2\/comments?post=21738"}],"version-history":[{"count":11,"href":"https:\/\/www.safaricarrentalnamibia.com\/de\/wp-json\/wp\/v2\/pages\/21738\/revisions"}],"predecessor-version":[{"id":22506,"href":"https:\/\/www.safaricarrentalnamibia.com\/de\/wp-json\/wp\/v2\/pages\/21738\/revisions\/22506"}],"wp:attachment":[{"href":"https:\/\/www.safaricarrentalnamibia.com\/de\/wp-json\/wp\/v2\/media?parent=21738"}],"curies":[{"name":"wp","href":"https:\/\/api.w.org\/{rel}","templated":true}]}}