{"id":21743,"date":"2024-02-28T11:42:04","date_gmt":"2024-02-28T11:42:04","guid":{"rendered":"https:\/\/www.safaricarrentalnamibia.com\/de\/?page_id=21743"},"modified":"2025-02-03T09:13:16","modified_gmt":"2025-02-03T09:13:16","slug":"mietvertrag","status":"publish","type":"page","link":"https:\/\/www.safaricarrentalnamibia.com\/de\/mietvertrag\/","title":{"rendered":"Mietvertrag"},"content":{"rendered":"<div class=\"wpb-content-wrapper\"><p>[vc_row content_placement=\u201dtop\u201d css=\u201d.vc_custom_1709117502737{margin-top: 80px !important;margin-bottom: 80px !important;}\u201d][vc_column width=\u201d1\/3\u2033][vc_single_image image=\u201d21991\u2033 image_mask=\u201d\u201d animation=\u201dnone\u201d vc_css=\u201d.vc_custom_1709300111919{border-radius: 5px !important;}\u201d][vc_single_image image=\u201d21983\u2033 image_mask=\u201d\u201d animation=\u201dnone\u201d vc_css=\u201d.vc_custom_1709300175771{margin-top: 20px !important;border-radius: 5px !important;}\u201d][\/vc_column][vc_column width=\u201d2\/3\u2033]<div class=\"fl_custom_text__block fl-custom-text-69f2331917963-1820\" ><ul>\n<li>Im Mietpreis inbegriffen sind Auffahrunfall und Diebstahl, Haftpflichtversicherung , unbegrenzte Kilometerzahl, Mehrwertsteuer, Flughafentransfer und Pannenhilfe rund um die Uhr.<\/li>\n<li>Zu Mietbeginn mu\u00df der Fahrer einen g\u00fcltigen F\u00fchrerschein vorlegen. Das Mindestalter der Fahrers ist 25 Jahre. Zu Mietbeginn oder zur Annahme des Fahrzeugs k\u00f6nnen sich mehrere Fahrer eintragen lassen.<\/li>\n<li>G\u00fcltige F\u00fchrerscheine sind alle F\u00fchrerscheine in Englisch und EU F\u00fchrerscheine auf denen das Wort \u201c Driver\u2019s License\u201d in Englisch geschrieben steht. Anderen nationalen F\u00fchrerscheinen mu\u00df eine beglaubigte \u00dcbersetzung oder ein internationaler F\u00fchrerschein beigelegt werden.<\/li>\n<li>Der Mietpreis wird pro Tag (24 Stunden) von Mietbeginn bis Mietende berechnet. Die Mindestmietdauer betr\u00e4gt sechs (6) Tage.<\/li>\n<li>Im Falle einer Versicherungsforderung haftet der Mieter f\u00fcr den vorher gew\u00e4hlten Mehrbetrag, wie im Mietvertrag angegeben.<\/li>\n<li>Mietverl\u00e4ngerung muss mindestens 48 Stunden vor der vereinbarten R\u00fcckgabe Mietsbeendigung beantragt werden.<\/li>\n<li>Kein Fahrzeug von Safari Car Rental darf ohne vorherige deren vorherige schriftliche Genehmigung die Grenze Namibias \u00fcberqueren.<\/li>\n<li>Alle Mietvertr\u00e4ge sind unseren Gesch\u00e4ftsbedingungen untergeordnet.<\/li>\n<li>Langfristige Vermietung und R\u00fcckgabe an einem anderen Ort sind auch m\u00f6glich.<\/li>\n<\/ul>\n<\/div>[\/vc_column][\/vc_row][vc_row full_width=\u201dstretch_row\u201d content_placement=\u201dmiddle\u201d css=\u201d.vc_custom_1709118637931{margin-top: 30px !important;margin-bottom: 0px !important;padding-bottom: 40px !important;background-color: #f1f5fa !important;}\u201d][vc_column width=\u201d1\/2\u2033][vc_single_image image=\u201d21710\u2033 img_size=\u201d150px\u201d alignment=\u201dcenter\u201d animation=\u201dnone\u201d][\/vc_column][vc_column width=\u201d1\/2\u2033]<div class=\"fl-vc-icon-box vc_custom_1709118596669\" ><div class=\"icon-box-style-one\"><div class=\"icon-box-style-one\"><div class=\"top-content\"><i class=\"fab fa-facebook\"><\/i><\/div><div class=\"bottom-content\"><h5 class=\"icon-title-content\"><a href=\"https:\/\/www.facebook.com\/SafariCarRental\" target=\"_blank\" rel=\"nofollow\" rel=\"noopener\">Follow us on Facebook<\/a><\/h5><\/div><\/div><\/div><\/div>[\/vc_column][\/vc_row]<\/p>\n<\/div>","protected":false},"excerpt":{"rendered":"<p>[vc_row content_placement=\u201dtop\u201d css=\u201d.vc_custom_1709117502737{margin-top: 80px !important;margin-bottom: 80px !important;}\u201d][vc_column width=\u201d1\/3\u2033][vc_single_image image=\u201d21991\u2033 image_mask=\u201d\u201d animation=\u201dnone\u201d vc_css=\u201d.vc_custom_1709300111919{border-radius: 5px !important;}\u201d][vc_single_image image=\u201d21983\u2033 image_mask=\u201d\u201d animation=\u201dnone\u201d vc_css=\u201d.vc_custom_1709300175771{margin-top: 20px !important;border-radius: 5px !important;}\u201d][\/vc_column][vc_column width=\u201d2\/3\u2033][\/vc_column][\/vc_row][vc_row full_width=\u201dstretch_row\u201d content_placement=\u201dmiddle\u201d css=\u201d.vc_custom_1709118637931{margin-top: 30px !important;margin-bottom: 0px !important;padding-bottom: 40px !important;background-color: #f1f5fa !important;}\u201d][vc_column width=\u201d1\/2\u2033][vc_single_image image=\u201d21710\u2033 img_size=\u201d150px\u201d alignment=\u201dcenter\u201d animation=\u201dnone\u201d][\/vc_column][vc_column width=\u201d1\/2\u2033][\/vc_column][\/vc_row]<\/p>\n","protected":false},"author":1,"featured_media":0,"parent":0,"menu_order":0,"comment_status":"closed","ping_status":"closed","template":"","meta":{"_acf_changed":false,"pmpro_default_level":"","footnotes":""},"class_list":["post-21743","page","type-page","status-publish","hentry","pmpro-has-access"],"acf":[],"aioseo_notices":[],"_links":{"self":[{"href":"https:\/\/www.safaricarrentalnamibia.com\/de\/wp-json\/wp\/v2\/pages\/21743","targetHints":{"allow":["GET"]}}],"collection":[{"href":"https:\/\/www.safaricarrentalnamibia.com\/de\/wp-json\/wp\/v2\/pages"}],"about":[{"href":"https:\/\/www.safaricarrentalnamibia.com\/de\/wp-json\/wp\/v2\/types\/page"}],"author":[{"embeddable":true,"href":"https:\/\/www.safaricarrentalnamibia.com\/de\/wp-json\/wp\/v2\/users\/1"}],"replies":[{"embeddable":true,"href":"https:\/\/www.safaricarrentalnamibia.com\/de\/wp-json\/wp\/v2\/comments?post=21743"}],"version-history":[{"count":15,"href":"https:\/\/www.safaricarrentalnamibia.com\/de\/wp-json\/wp\/v2\/pages\/21743\/revisions"}],"predecessor-version":[{"id":22520,"href":"https:\/\/www.safaricarrentalnamibia.com\/de\/wp-json\/wp\/v2\/pages\/21743\/revisions\/22520"}],"wp:attachment":[{"href":"https:\/\/www.safaricarrentalnamibia.com\/de\/wp-json\/wp\/v2\/media?parent=21743"}],"curies":[{"name":"wp","href":"https:\/\/api.w.org\/{rel}","templated":true}]}}