{"id":21718,"date":"2024-02-28T11:15:57","date_gmt":"2024-02-28T11:15:57","guid":{"rendered":"https:\/\/www.safaricarrentalnamibia.com\/nl\/?page_id=21718"},"modified":"2025-02-03T09:34:44","modified_gmt":"2025-02-03T09:34:44","slug":"veilig-rijden","status":"publish","type":"page","link":"https:\/\/www.safaricarrentalnamibia.com\/nl\/veilig-rijden\/","title":{"rendered":"Veilig Rijden"},"content":{"rendered":"<div class=\"wpb-content-wrapper\"><p>[vc_row content_placement=&#8221;top&#8221; css=&#8221;.vc_custom_1709119965273{margin-top: 80px !important;margin-bottom: 20px !important;}&#8221;][vc_column]<div class=\"fl_custom_text__block fl-custom-text-69e1012d2a128-6943\" ><p style=\"text-align: center;\"><strong>De hoofdreden voor ongevallen met toeristen die rondrijden in Namibi\u00eb is overdreven snelheid op goed onderhouden gravelwegen zonder dat er een ander voertuig, dier of persoon bij betrokken is. <\/strong><\/p>\n<p style=\"text-align: center;\"><strong>De tweede belangrijkste reden voor ongevallen is gemis aan concentratie vanwege lange afstanden en weinig ander verkeer op de weg.<\/strong><\/p>\n<\/div>[\/vc_column][\/vc_row][vc_row css=&#8221;.vc_custom_1712558101623{margin-top: 50px !important;margin-bottom: 50px !important;}&#8221;][vc_column width=&#8221;1\/3&#8243;][vc_single_image image=&#8221;21720&#8243; image_mask=&#8221;&#8221; animation=&#8221;none&#8221; vc_css=&#8221;.vc_custom_1709119016661{border-radius: 5px !important;}&#8221;][\/vc_column][vc_column width=&#8221;1\/3&#8243;][vc_single_image image=&#8221;21997&#8243; image_mask=&#8221;&#8221; animation=&#8221;none&#8221; vc_css=&#8221;.vc_custom_1712557943859{border-radius: 5px !important;}&#8221;][\/vc_column][vc_column width=&#8221;1\/3&#8243;][vc_single_image image=&#8221;22002&#8243; image_mask=&#8221;&#8221; animation=&#8221;none&#8221; vc_css=&#8221;.vc_custom_1712558053111{border-radius: 5px !important;}&#8221;][\/vc_column][\/vc_row][vc_row][vc_column width=&#8221;1\/2&#8243;]<div class=\"fl-list\" ><ul class=\"fl-list-ul\"><li class=\"fl-list-li fl-font-style-bolt-two\"  ><i class=\"fa fa-check fl-primary-color\" ><\/i>Gravelwegen zijn onvoorspelbaar en wij bevelen u sterk aan om speciale aandacht te geven aan verkeersborden inclusief de grappig-uitziende borden met olifanten, giraffen, of wrattenzwijnen erop getekend. Die borden staan daar niet om u aan het lachen te brengen -alhoewel dat een bonus is- maar omdat die dieren daar ook echt rondzwerven.<\/li><li class=\"fl-list-li fl-font-style-bolt-two\"  ><i class=\"fa fa-check fl-primary-color\" ><\/i>Uw 4\u00d74 voertuig is uitgerust met grote dieseltanks en een watertank. Maak aub zeker dat u ze opvult bij elke gelegenheid.<\/li><li class=\"fl-list-li fl-font-style-bolt-two\"  ><i class=\"fa fa-check fl-primary-color\" ><\/i>Vermijd rijden bij nacht. Onze wilde dieren hebben geen reflectoren gemonteerd en ze zijn echt moeilijk om te zien in het donker. U kent de verkeersreglementen maar kan de dieren niet zien, de dieren kunnen u zien maar kennen de verkeersreglementen niet. Het is een no-win situatie.<\/li><li class=\"fl-list-li fl-font-style-bolt-two\"  ><i class=\"fa fa-check fl-primary-color\" ><\/i>Rij niet langer dan 4 uren per dag of verder dan 300km per dag, wat dan ook eerst komt. Rijden in een omgeving waarmee u niet vertrouwd bent, maakt u sneller moe dan u denkt en uw concentratie zal vlug verminderen. Bovendien, wat is het nut van naar plaatsen geweest te zijn die u niet gezien hebt?<\/li><li class=\"fl-list-li fl-font-style-bolt-two\"  ><i class=\"fa fa-check fl-primary-color\" ><\/i>Shift altijd in 4\u00d74 High wanneer u over gravelwegen of off-road rijdt. Rijden in 4\u00d74 High geeft uw voertuig een veel betere tractie en stabiliteit. Vergeet niet om terug te gaan naar 2\u00d74 wanneer u op een verharde weg komt!<\/li><li class=\"fl-list-li fl-font-style-bolt-two\"  ><i class=\"fa fa-check fl-primary-color\" ><\/i>Het is aanbevolen om met uw koplampen aan te rijden, zelfs gedurende de dag. Het maakt u beter zichtbaar op de highways doorheen het glinsteren over het hete wegdek (mirages) en op gravelwegen zullen andere voertuigen u beter zien doorheen de opwaaiende stofwolken.<\/li><li class=\"fl-list-li fl-font-style-bolt-two\"  ><i class=\"fa fa-check fl-primary-color\" ><\/i>Vergeet niet dat u op vakantie bent. Doe het rustig aan en neem uw tijd voor de adembenemende natuur en het fantastische uitzicht. Geniet ervan!<\/li><\/ul><\/div>[\/vc_column][vc_column width=&#8221;1\/2&#8243;]<div class=\"fl-list\" ><ul class=\"fl-list-ul\"><li class=\"fl-list-li fl-font-style-bolt-two\"  ><i class=\"fa fa-check fl-primary-color\" ><\/i>Verifieer uw bandendruk regelmatig. Voor langdurig rijden over gravelwegen zouden uw banden op een druk van 1.8 tot 2.0kpa moeten staan, en dat is minder dan de 2.4kpa wat aangeraden is voor hoge snelheid highways. Voor lage snelheid in zacht zand of over rotsig terrein is een bandendruk van ongeveer 1.4kpa aangeraden. Controleer uw reservewielen dagelijks en maak zeker dat ze op druk staan. Goede reservewielen zijn onmisbaar ingeval van een lekke band op uw voertuig.<\/li><li class=\"fl-list-li fl-font-style-bolt-two\"  ><i class=\"fa fa-check fl-primary-color\" ><\/i>Rij niet te dicht bij wilde dieren. Indien ze kleiner zijn dan uw voertuig bestaat de kans dat ze weglopen en dat u ze niet weerziet. Indien ze groter zijn dan uw voertuig bestaat de kans dat ze u in een paniekerige achteruit gaan dwingen. Geen enkel 4\u00d74 voertuig heeft het ooit gewonnen van een olifant!<\/li><li class=\"fl-list-li fl-font-style-bolt-two\"  ><i class=\"fa fa-check fl-primary-color\" ><\/i>Pas op voor gladde wegen in natte omstandigheden. Water verandert zand in modder en in modder is het zo goed als onmogelijk om controle te houden over uw voertuig.<\/li><li class=\"fl-list-li fl-font-style-bolt-two\"  ><i class=\"fa fa-check fl-primary-color\" ><\/i>Vele ongevallen gebeuren omdat bestuurders niet op tijd kunnen remmen voor dieren op de weg en proberen om een aanrijding te vermijden door scherp weg te draaien. Daarbij verliezen ze dan controle over hun stuurwiel wat dikwijls leid tot overrollen van het voertuig. Vermijd om bruusk aan uw stuurwiel te draaien! Ga traag zodat u op tijd kan remmen of, indien het een eerder klein dier is, rij er rechtdoor tegenaan. Uw 4\u00d74 heeft vooraan een beschermende bull bar ge\u00efnstalleerd voor zulke voorvallen. De magische woorden hier zijn \u201ceerder klein\u201d; het werkt niet met neushoorns of olifanten.<\/li><li class=\"fl-list-li fl-font-style-bolt-two\"  ><i class=\"fa fa-check fl-primary-color\" ><\/i>Het is ten zeerste aangeraden om een 4\u00d74 cursus te nemen in uw thuisland of in Namibi\u00eb, zelfs voor diegenen die thuis een 4\u00d74 besturen. Off-road rijden in een 4\u00d74 voertuig in de wildernis is verbazingwekkend verschillend van een 4\u00d74 voertuig rijden naar het werk over verharde wegen.<\/li><\/ul><\/div>[\/vc_column][\/vc_row][vc_row full_width=&#8221;stretch_row&#8221; content_placement=&#8221;middle&#8221; css=&#8221;.vc_custom_1709118637931{margin-top: 30px !important;margin-bottom: 0px !important;padding-bottom: 40px !important;background-color: #f1f5fa !important;}&#8221;][vc_column width=&#8221;1\/2&#8243;][vc_single_image image=&#8221;21710&#8243; img_size=&#8221;150px&#8221; alignment=&#8221;center&#8221; animation=&#8221;none&#8221;][\/vc_column][vc_column width=&#8221;1\/2&#8243;]<div class=\"fl-vc-icon-box vc_custom_1709118596669\" ><div class=\"icon-box-style-one\"><div class=\"icon-box-style-one\"><div class=\"top-content\"><i class=\"fab fa-facebook\"><\/i><\/div><div class=\"bottom-content\"><h5 class=\"icon-title-content\"><a href=\"https:\/\/www.facebook.com\/SafariCarRental\" target=\"_blank\" rel=\"nofollow\" rel=\"nofollow\" rel=\"noopener\">Follow us on Facebook<\/a><\/h5><\/div><\/div><\/div><\/div>[\/vc_column][\/vc_row]<\/p>\n<\/div>","protected":false},"excerpt":{"rendered":"<p>[vc_row content_placement=&#8221;top&#8221; css=&#8221;.vc_custom_1709119965273{margin-top: 80px !important;margin-bottom: 20px !important;}&#8221;][vc_column][\/vc_column][\/vc_row][vc_row css=&#8221;.vc_custom_1712558101623{margin-top: 50px !important;margin-bottom: 50px !important;}&#8221;][vc_column width=&#8221;1\/3&#8243;][vc_single_image image=&#8221;21720&#8243; image_mask=&#8221;&#8221; animation=&#8221;none&#8221; vc_css=&#8221;.vc_custom_1709119016661{border-radius: 5px !important;}&#8221;][\/vc_column][vc_column width=&#8221;1\/3&#8243;][vc_single_image image=&#8221;21997&#8243; image_mask=&#8221;&#8221; animation=&#8221;none&#8221; vc_css=&#8221;.vc_custom_1712557943859{border-radius: 5px !important;}&#8221;][\/vc_column][vc_column width=&#8221;1\/3&#8243;][vc_single_image image=&#8221;22002&#8243; image_mask=&#8221;&#8221; animation=&#8221;none&#8221; vc_css=&#8221;.vc_custom_1712558053111{border-radius: 5px !important;}&#8221;][\/vc_column][\/vc_row][vc_row][vc_column width=&#8221;1\/2&#8243;][\/vc_column][vc_column width=&#8221;1\/2&#8243;][\/vc_column][\/vc_row][vc_row full_width=&#8221;stretch_row&#8221; content_placement=&#8221;middle&#8221; css=&#8221;.vc_custom_1709118637931{margin-top: 30px !important;margin-bottom: 0px !important;padding-bottom: 40px !important;background-color: #f1f5fa !important;}&#8221;][vc_column width=&#8221;1\/2&#8243;][vc_single_image image=&#8221;21710&#8243; img_size=&#8221;150px&#8221; alignment=&#8221;center&#8221; animation=&#8221;none&#8221;][\/vc_column][vc_column width=&#8221;1\/2&#8243;][\/vc_column][\/vc_row]<\/p>\n","protected":false},"author":1,"featured_media":0,"parent":0,"menu_order":0,"comment_status":"closed","ping_status":"closed","template":"","meta":{"_acf_changed":false,"pmpro_default_level":"","footnotes":""},"class_list":["post-21718","page","type-page","status-publish","hentry","pmpro-has-access"],"acf":[],"aioseo_notices":[],"_links":{"self":[{"href":"https:\/\/www.safaricarrentalnamibia.com\/nl\/wp-json\/wp\/v2\/pages\/21718","targetHints":{"allow":["GET"]}}],"collection":[{"href":"https:\/\/www.safaricarrentalnamibia.com\/nl\/wp-json\/wp\/v2\/pages"}],"about":[{"href":"https:\/\/www.safaricarrentalnamibia.com\/nl\/wp-json\/wp\/v2\/types\/page"}],"author":[{"embeddable":true,"href":"https:\/\/www.safaricarrentalnamibia.com\/nl\/wp-json\/wp\/v2\/users\/1"}],"replies":[{"embeddable":true,"href":"https:\/\/www.safaricarrentalnamibia.com\/nl\/wp-json\/wp\/v2\/comments?post=21718"}],"version-history":[{"count":17,"href":"https:\/\/www.safaricarrentalnamibia.com\/nl\/wp-json\/wp\/v2\/pages\/21718\/revisions"}],"predecessor-version":[{"id":22297,"href":"https:\/\/www.safaricarrentalnamibia.com\/nl\/wp-json\/wp\/v2\/pages\/21718\/revisions\/22297"}],"wp:attachment":[{"href":"https:\/\/www.safaricarrentalnamibia.com\/nl\/wp-json\/wp\/v2\/media?parent=21718"}],"curies":[{"name":"wp","href":"https:\/\/api.w.org\/{rel}","templated":true}]}}